{"id":321,"date":"2017-04-22T12:10:29","date_gmt":"2017-04-22T12:10:29","guid":{"rendered":"http:\/\/bodylicious.si\/?page_id=321"},"modified":"2021-10-12T18:33:52","modified_gmt":"2021-10-12T18:33:52","slug":"biostimulacija-telesa","status":"publish","type":"page","link":"https:\/\/bodylicious.si\/index.php\/biostimulacija-telesa\/","title":{"rendered":"Biostimulacija telesa"},"content":{"rendered":"<p><div class=\"fusion-fullwidth fullwidth-box fusion-builder-row-1 hundred-percent-fullwidth non-hundred-percent-height-scrolling\" style=\"--awb-border-radius-top-left:0px;--awb-border-radius-top-right:0px;--awb-border-radius-bottom-right:0px;--awb-border-radius-bottom-left:0px;--awb-flex-wrap:wrap;\" ><div class=\"fusion-builder-row fusion-row\"><div class=\"fusion-layout-column fusion_builder_column fusion-builder-column-0 fusion_builder_column_1_1 1_1 fusion-one-full fusion-column-first fusion-column-last\" style=\"--awb-bg-size:cover;\"><div class=\"fusion-column-wrapper fusion-flex-column-wrapper-legacy\"><div class=\"fusion-title title fusion-title-1 fusion-sep-none fusion-title-text fusion-title-size-one\"><h1 class=\"fusion-title-heading title-heading-left\" style=\"margin:0;\"><h1>Spremembe na celi\u010dnem nivoju<\/h1><\/h1><\/div><div class=\"fusion-clearfix\"><\/div><\/div><\/div><div class=\"fusion-layout-column fusion_builder_column fusion-builder-column-1 fusion_builder_column_1_2 1_2 fusion-one-half fusion-column-first\" style=\"--awb-bg-size:cover;width:50%;width:calc(50% - ( ( 4% ) * 0.5 ) );margin-right: 4%;\"><div class=\"fusion-column-wrapper fusion-flex-column-wrapper-legacy\"><div class=\"fusion-column-content-centered\"><div class=\"fusion-column-content\"><div class=\"fusion-sep-clear\"><\/div><div class=\"fusion-separator fusion-full-width-sep\" style=\"margin-left: auto;margin-right: auto;margin-top:50px;width:100%;\"><\/div><div class=\"fusion-sep-clear\"><\/div><div class=\"fusion-image-element in-legacy-container\" style=\"--awb-caption-title-font-family:var(--h2_typography-font-family);--awb-caption-title-font-weight:var(--h2_typography-font-weight);--awb-caption-title-font-style:var(--h2_typography-font-style);--awb-caption-title-size:var(--h2_typography-font-size);--awb-caption-title-transform:var(--h2_typography-text-transform);--awb-caption-title-line-height:var(--h2_typography-line-height);--awb-caption-title-letter-spacing:var(--h2_typography-letter-spacing);\"><span class=\" fusion-imageframe imageframe-none imageframe-1 hover-type-none\" style=\"border:1px solid #000000;\"><img decoding=\"async\" width=\"1000\" height=\"667\" title=\"shutterstock_148935773\" src=\"https:\/\/bodylicious.si\/wp-content\/uploads\/2017\/01\/shutterstock_148935773.jpg\" alt class=\"img-responsive wp-image-40\" srcset=\"https:\/\/bodylicious.si\/wp-content\/uploads\/2017\/01\/shutterstock_148935773-200x133.jpg 200w, https:\/\/bodylicious.si\/wp-content\/uploads\/2017\/01\/shutterstock_148935773-400x267.jpg 400w, https:\/\/bodylicious.si\/wp-content\/uploads\/2017\/01\/shutterstock_148935773-600x400.jpg 600w, https:\/\/bodylicious.si\/wp-content\/uploads\/2017\/01\/shutterstock_148935773-800x534.jpg 800w, https:\/\/bodylicious.si\/wp-content\/uploads\/2017\/01\/shutterstock_148935773.jpg 1000w\" sizes=\"(max-width: 800px) 100vw, 600px\" \/><\/span><\/div><\/div><\/div><div class=\"fusion-clearfix\"><\/div><\/div><\/div><div class=\"fusion-layout-column fusion_builder_column fusion-builder-column-2 fusion_builder_column_1_2 1_2 fusion-one-half fusion-column-last\" style=\"--awb-bg-size:cover;width:50%;width:calc(50% - ( ( 4% ) * 0.5 ) );\"><div class=\"fusion-column-wrapper fusion-flex-column-wrapper-legacy\"><div class=\"fusion-column-content-centered\"><div class=\"fusion-column-content\"><div class=\"fusion-sep-clear\"><\/div><div class=\"fusion-separator fusion-full-width-sep\" style=\"margin-left: auto;margin-right: auto;margin-top:20px;width:100%;\"><\/div><div class=\"fusion-sep-clear\"><\/div><div class=\"fusion-text fusion-text-1\"><h3><strong>Biostimulacija Ultratone Futura Pro<\/strong> spodbuja limfni sistem, deluje na krvo\u017eilni sistem in pomladi tkiva ter mi\u0161ice. <strong>Deluje na celi\u010dnem nivoju, kar zagotavlja, da na telesu prijazen na\u010din dose\u017eemo dolgotrajne rezultate.<\/strong> Tehnologija se \u017ee 40 let razvija v skladu s spoznanji o govorici telesa, ki je vezana na telesu podobne elektri\u010dne impulze.<\/h3>\n<h3>Ultratone Futura Pro ima <strong>mnogo razli\u010dnih impulzov<\/strong>, iz katerih so na osnovi dolgoletnih izku\u0161enj in raziskav izoblikovani naju\u010dinkovitej\u0161i programi za raznolike postopke preoblikovanja telesa. V \u010dasu trajanja programa se terapije menjajo vsako minuto, <strong>tako da se telo na biostimulacijo ne navadi in jo lahko uporabljamo vsak dan<\/strong>.<\/h3>\n<h3><strong>Tipi\u010dno program traja od 30 do 50 minut.<\/strong> V tem \u010dasu je mo\u017eno opraviti ve\u010d programov za razli\u010dne dele telesa, mo\u017eno pa je v istem \u010dasu biostimulacijo opravljati <strong>na telesu in obrazu hkrati<\/strong>. Ustrezen program oz. kombinacijo programov bomo dolo\u010dili na predhodnem posvetu, upo\u0161tevajo\u010d \u017eelje, telesne karakteristike in zdravstveno stanje stranke.<\/h3>\n<h3><em><strong>Programi so sestavljeni lo\u010deno za \u017eenske in mo\u0161ke<\/strong>, saj obi\u010dajno ne stremimo k istim rezultatom, druga\u010dna pa je tudi zgradba telesa.<\/em><\/h3>\n<\/div><\/div><\/div><div class=\"fusion-clearfix\"><\/div><\/div><\/div><\/div><\/div><div class=\"fusion-fullwidth fullwidth-box fusion-builder-row-2 hundred-percent-fullwidth non-hundred-percent-height-scrolling\" style=\"--awb-border-radius-top-left:0px;--awb-border-radius-top-right:0px;--awb-border-radius-bottom-right:0px;--awb-border-radius-bottom-left:0px;--awb-flex-wrap:wrap;\" ><div class=\"fusion-builder-row fusion-row\"><div class=\"fusion-layout-column fusion_builder_column fusion-builder-column-3 fusion_builder_column_1_1 1_1 fusion-one-full fusion-column-first fusion-column-last\" style=\"--awb-bg-size:cover;\"><div class=\"fusion-column-wrapper fusion-flex-column-wrapper-legacy\"><div class=\"fusion-sep-clear\"><\/div><div class=\"fusion-separator fusion-full-width-sep\" style=\"margin-left: auto;margin-right: auto;margin-top:10px;width:100%;\"><\/div><div class=\"fusion-sep-clear\"><\/div><div class=\"fusion-text fusion-text-2\"><h3><strong>Biostimulacijo priporo\u010damo tudi:<\/strong><\/h3>\n<ul>\n<li>\n<h3>Doje\u010dim materam, ki \u017eelijo po porodu zmanj\u0161ati obseg trebuha. V kolikor niso imele carskega reza, lahko s terapijo pri\u010dno \u017ee kmalu po porodu. Po izku\u0161njah se med terapijo biostimulacije pove\u010da tudi koli\u010dina mleka.<\/h3>\n<\/li>\n<li>\n<h3>Sladkornim bolnikom z diabetesom tipa II.<\/h3>\n<\/li>\n<li>\n<h3>Profesionalnim \u0161portnikom, saj mnogi \u0161portniki in estradniki po svetu \u017ee uporabljajo Ultratone Futuro Pro samostojno ali kot dodatni trening za krepitev mi\u0161ic ali rehabilitacijo po po\u0161kodbah.<\/h3>\n<\/li>\n<\/ul>\n<h3>Med postopkom poteka tudi t.i. kromoterapija, tehnika zdravljenja s posebnim spektrom svetlobe, z namenom zdravljenja telesa kot celote.<\/h3>\n<\/div><div class=\"fusion-sep-clear\"><\/div><div class=\"fusion-separator fusion-full-width-sep\" style=\"margin-left: auto;margin-right: auto;margin-top:15px;width:100%;\"><\/div><div class=\"fusion-sep-clear\"><\/div><div class=\"fusion-text fusion-text-3\"><h2>Programi biostimulacije na napravi Ultratone Futura Pro so slede\u010di:<\/h2>\n<\/div><div class=\"fusion-text fusion-text-4\"><h3><strong>HITRA IZGUBA OBSEGA IN HUJ\u0160ANJE<\/strong><\/h3>\n<h4>Serija dvanajstih (12) terapij za t.i. ultrahitro izgubo obsega. Rezultati so vidni \u017ee po prvi terapiji, postopek se odvije v \u010dasu 3 \u2013 4 tednov. Pred, med in po terapijah izvajamo redna merjenja za bele\u017eenje rezultatov, vse pa je prilagojeno vsaki stranki posebej.<\/h4>\n<h3><strong>ANTICELULITNI PROGRAM IN CIRKULACIJE<\/strong><\/h3>\n<h4>Program za razbijanje celulitnih nanosov, ki obenem izbolj\u0161a prekrvavitev v zdravljenem obmo\u010dju telesa.<\/h4>\n<h3><strong>\u00a0OBLIKOVANJE TELESA<\/strong><\/h3>\n<h4>Personalizacija programov za specifi\u010dne cilje pri preoblikovanju telesa.<\/h4>\n<h3><strong>DVIG, U\u010cVR\u0160\u010cEVANJE IN NAPENJANJE<\/strong><\/h3>\n<h4>Trije intenzivni, kombinirani programi s katerimi dvignemo, u\u010dvrstimo in napnemo ko\u017eo in mi\u0161ice tam, kjer je to najbolj potrebno.<\/h4>\n<h3><strong>CELO TELO ali t.i. MULTIBODY PROGRAM<\/strong><\/h3>\n<h4>Program za oblikovanje. Vklju\u010duje kombinacijo treh razli\u010dnih programov, ki isto\u010dasno stimulirajo in delujejo na tri razli\u010dne dele telesa.<\/h4>\n<h3><strong>HOLISTI\u010cNI FITNES<\/strong><\/h3>\n<h4>Serija specializiranih programov za pove\u010danje mo\u010di, mi\u0161i\u010dne mase in napetosti mi\u0161ic. Primerno tudi za aktivne \u0161portnike, saj so rezultati opazni hitreje kot z obi\u010dajno vadbo.<\/h4>\n<h3><strong>LIMFNA DRENA\u017dA (RAZSTRUPLJEVANJE)<\/strong><\/h3>\n<h4>Program za izvajanje ne\u017ene masa\u017ee in stimulacijo limfnega sistema, kar pripomore predvsem k odstranjevanju odve\u010dnih teko\u010din in zmanj\u0161anju zabuhlosti.<\/h4>\n<\/div><div class=\"fusion-clearfix\"><\/div><\/div><\/div><\/div><\/div><\/p>\n","protected":false},"excerpt":{"rendered":"","protected":false},"author":1,"featured_media":0,"parent":0,"menu_order":0,"comment_status":"closed","ping_status":"closed","template":"","meta":{"footnotes":""},"class_list":["post-321","page","type-page","status-publish","hentry"],"_links":{"self":[{"href":"https:\/\/bodylicious.si\/index.php\/wp-json\/wp\/v2\/pages\/321","targetHints":{"allow":["GET"]}}],"collection":[{"href":"https:\/\/bodylicious.si\/index.php\/wp-json\/wp\/v2\/pages"}],"about":[{"href":"https:\/\/bodylicious.si\/index.php\/wp-json\/wp\/v2\/types\/page"}],"author":[{"embeddable":true,"href":"https:\/\/bodylicious.si\/index.php\/wp-json\/wp\/v2\/users\/1"}],"replies":[{"embeddable":true,"href":"https:\/\/bodylicious.si\/index.php\/wp-json\/wp\/v2\/comments?post=321"}],"version-history":[{"count":20,"href":"https:\/\/bodylicious.si\/index.php\/wp-json\/wp\/v2\/pages\/321\/revisions"}],"predecessor-version":[{"id":965,"href":"https:\/\/bodylicious.si\/index.php\/wp-json\/wp\/v2\/pages\/321\/revisions\/965"}],"wp:attachment":[{"href":"https:\/\/bodylicious.si\/index.php\/wp-json\/wp\/v2\/media?parent=321"}],"curies":[{"name":"wp","href":"https:\/\/api.w.org\/{rel}","templated":true}]}}