{"id":364,"date":"2017-04-27T09:50:00","date_gmt":"2017-04-27T09:50:00","guid":{"rendered":"http:\/\/bodylicious.si\/?page_id=364"},"modified":"2017-07-23T11:44:11","modified_gmt":"2017-07-23T11:44:11","slug":"manikura-in-pedikura","status":"publish","type":"page","link":"https:\/\/bodylicious.si\/index.php\/manikura-in-pedikura\/","title":{"rendered":"Manikira in pedikura"},"content":{"rendered":"<div class=\"fusion-fullwidth fullwidth-box fusion-builder-row-1 hundred-percent-fullwidth non-hundred-percent-height-scrolling\" style=\"--awb-border-radius-top-left:0px;--awb-border-radius-top-right:0px;--awb-border-radius-bottom-right:0px;--awb-border-radius-bottom-left:0px;--awb-flex-wrap:wrap;\" ><div class=\"fusion-builder-row fusion-row\"><div class=\"fusion-layout-column fusion_builder_column fusion-builder-column-0 fusion_builder_column_1_1 1_1 fusion-one-full fusion-column-first fusion-column-last\" style=\"--awb-bg-size:cover;\"><div class=\"fusion-column-wrapper fusion-flex-column-wrapper-legacy\"><div class=\"fusion-title title fusion-title-1 fusion-title-text fusion-title-size-one\"><h1 class=\"fusion-title-heading title-heading-left\" style=\"margin:0;\"><h2>Popolna urejenost rok in nog<\/h2><\/h1><span class=\"awb-title-spacer\"><\/span><div class=\"title-sep-container\"><div class=\"title-sep sep-double sep-solid\" style=\"border-color:#e0dede;\"><\/div><\/div><\/div><div class=\"fusion-clearfix\"><\/div><\/div><\/div><div class=\"fusion-layout-column fusion_builder_column fusion-builder-column-1 fusion_builder_column_1_2 1_2 fusion-one-half fusion-column-first\" style=\"--awb-bg-size:cover;width:50%;width:calc(50% - ( ( 4% ) * 0.5 ) );margin-right: 4%;\"><div class=\"fusion-column-wrapper fusion-flex-column-wrapper-legacy\"><div class=\"fusion-column-content-centered\"><div class=\"fusion-column-content\"><div class=\"fusion-sep-clear\"><\/div><div class=\"fusion-separator fusion-full-width-sep\" style=\"margin-left: auto;margin-right: auto;margin-top:50px;width:100%;\"><\/div><div class=\"fusion-sep-clear\"><\/div><div class=\"fusion-image-element in-legacy-container\" style=\"--awb-caption-title-font-family:var(--h2_typography-font-family);--awb-caption-title-font-weight:var(--h2_typography-font-weight);--awb-caption-title-font-style:var(--h2_typography-font-style);--awb-caption-title-size:var(--h2_typography-font-size);--awb-caption-title-transform:var(--h2_typography-text-transform);--awb-caption-title-line-height:var(--h2_typography-line-height);--awb-caption-title-letter-spacing:var(--h2_typography-letter-spacing);\"><span class=\" fusion-imageframe imageframe-none imageframe-1 hover-type-none\" style=\"border:1px solid #000000;\"><img decoding=\"async\" width=\"1000\" height=\"705\" title=\"shutterstock_157115255\" src=\"https:\/\/bodylicious.si\/wp-content\/uploads\/2017\/01\/shutterstock_157115255.jpg\" alt class=\"img-responsive wp-image-42\" srcset=\"https:\/\/bodylicious.si\/wp-content\/uploads\/2017\/01\/shutterstock_157115255-200x141.jpg 200w, https:\/\/bodylicious.si\/wp-content\/uploads\/2017\/01\/shutterstock_157115255-400x282.jpg 400w, https:\/\/bodylicious.si\/wp-content\/uploads\/2017\/01\/shutterstock_157115255-600x423.jpg 600w, https:\/\/bodylicious.si\/wp-content\/uploads\/2017\/01\/shutterstock_157115255-800x564.jpg 800w, https:\/\/bodylicious.si\/wp-content\/uploads\/2017\/01\/shutterstock_157115255.jpg 1000w\" sizes=\"(max-width: 800px) 100vw, 600px\" \/><\/span><\/div><\/div><\/div><div class=\"fusion-clearfix\"><\/div><\/div><\/div><div class=\"fusion-layout-column fusion_builder_column fusion-builder-column-2 fusion_builder_column_1_2 1_2 fusion-one-half fusion-column-last\" style=\"--awb-bg-size:cover;width:50%;width:calc(50% - ( ( 4% ) * 0.5 ) );\"><div class=\"fusion-column-wrapper fusion-flex-column-wrapper-legacy\"><div class=\"fusion-column-content-centered\"><div class=\"fusion-column-content\"><div class=\"fusion-sep-clear\"><\/div><div class=\"fusion-separator fusion-full-width-sep\" style=\"margin-left: auto;margin-right: auto;margin-top:20px;width:100%;\"><\/div><div class=\"fusion-sep-clear\"><\/div><div class=\"fusion-text fusion-text-1\"><ul>\n<li>\n<h2>MANIKIRE<\/h2>\n<\/li>\n<\/ul>\n<h3><strong>Pot do lepo urejenih rok je s profesionalno manikiro hitra in enostavna<\/strong>. S storitvijo manikure bomo poskrbeli za popoln videz va\u0161ih rok in nohtov.<\/h3>\n<h3>V postopku vam bomo uredili obnohtno ko\u017eico, oblikovali in uredili nohte, po potrebi opravili piling ko\u017ee in vse skupaj zaklju\u010dili s prijetno masa\u017eo ob uporabi vla\u017eilne kreme z visoko hranilno vsebnostjo.<\/h3>\n<h3>Na \u017eeljo stranke, lahko manikiro zaklju\u010dimo\u00a0<strong>s klasi\u010dnim ali trajnim UV lakiranjem nohtov<\/strong>.<\/h3>\n<ul>\n<li>\n<h2>PEDIKURE<\/h2>\n<\/li>\n<\/ul>\n<h3><strong>Opravljamo tako klasi\u010dno kot zahtevnej\u0161o (t.i. medicinsko) pedikuro.<\/strong><\/h3>\n<h3>Vsaka pedikura se opravlja kot celostna storitev, ki vklju\u010duje re\u0161evanje morebitnih te\u017eav zdravstvenega zna\u010daja (zara\u0161\u010deni nohti, razpokana ko\u017ea, kurja o\u010desa, oti\u0161\u010danci), razvajanje s spa ali masa\u017enimi tretmaji stopal in urejanje nohtov. Zavedamo se pomembnosti urejenih in zdravih stopal, saj so dnevno obremenjena, v toplej\u0161ih dneh pa tudi del na\u0161ega celostnega videza.<\/h3>\n<h3>Na \u017eeljo stranke lahko pedikuro zaklju\u010dimo\u00a0<strong>s klasi\u010dnim ali trajnim UV lakiranjem nohtov<\/strong>.<\/h3>\n<\/div><\/div><\/div><div class=\"fusion-clearfix\"><\/div><\/div><\/div><\/div><\/div>\n","protected":false},"excerpt":{"rendered":"","protected":false},"author":1,"featured_media":0,"parent":0,"menu_order":0,"comment_status":"closed","ping_status":"closed","template":"","meta":{"footnotes":""},"class_list":["post-364","page","type-page","status-publish","hentry"],"_links":{"self":[{"href":"https:\/\/bodylicious.si\/index.php\/wp-json\/wp\/v2\/pages\/364","targetHints":{"allow":["GET"]}}],"collection":[{"href":"https:\/\/bodylicious.si\/index.php\/wp-json\/wp\/v2\/pages"}],"about":[{"href":"https:\/\/bodylicious.si\/index.php\/wp-json\/wp\/v2\/types\/page"}],"author":[{"embeddable":true,"href":"https:\/\/bodylicious.si\/index.php\/wp-json\/wp\/v2\/users\/1"}],"replies":[{"embeddable":true,"href":"https:\/\/bodylicious.si\/index.php\/wp-json\/wp\/v2\/comments?post=364"}],"version-history":[{"count":7,"href":"https:\/\/bodylicious.si\/index.php\/wp-json\/wp\/v2\/pages\/364\/revisions"}],"predecessor-version":[{"id":635,"href":"https:\/\/bodylicious.si\/index.php\/wp-json\/wp\/v2\/pages\/364\/revisions\/635"}],"wp:attachment":[{"href":"https:\/\/bodylicious.si\/index.php\/wp-json\/wp\/v2\/media?parent=364"}],"curies":[{"name":"wp","href":"https:\/\/api.w.org\/{rel}","templated":true}]}}