{"id":405,"date":"2017-04-28T19:21:28","date_gmt":"2017-04-28T19:21:28","guid":{"rendered":"http:\/\/bodylicious.si\/?page_id=405"},"modified":"2017-07-23T11:42:55","modified_gmt":"2017-07-23T11:42:55","slug":"globinsko-ciscenje","status":"publish","type":"page","link":"https:\/\/bodylicious.si\/index.php\/globinsko-ciscenje\/","title":{"rendered":"Globinsko \u010di\u0161\u010denje"},"content":{"rendered":"<div class=\"fusion-fullwidth fullwidth-box fusion-builder-row-1 hundred-percent-fullwidth non-hundred-percent-height-scrolling\" style=\"--awb-border-radius-top-left:0px;--awb-border-radius-top-right:0px;--awb-border-radius-bottom-right:0px;--awb-border-radius-bottom-left:0px;--awb-flex-wrap:wrap;\" ><div class=\"fusion-builder-row fusion-row\"><div class=\"fusion-layout-column fusion_builder_column fusion-builder-column-0 fusion_builder_column_1_1 1_1 fusion-one-full fusion-column-first fusion-column-last\" style=\"--awb-bg-size:cover;\"><div class=\"fusion-column-wrapper fusion-flex-column-wrapper-legacy\"><div class=\"fusion-title title fusion-title-1 fusion-title-text fusion-title-size-one\"><h1 class=\"fusion-title-heading title-heading-left\" style=\"margin:0;\"><h2>\u010cisto\u010da obraza, ki jo \u010dutite<\/h2><\/h1><span class=\"awb-title-spacer\"><\/span><div class=\"title-sep-container\"><div class=\"title-sep sep-double sep-solid\" style=\"border-color:#e0dede;\"><\/div><\/div><\/div><div class=\"fusion-clearfix\"><\/div><\/div><\/div><div class=\"fusion-layout-column fusion_builder_column fusion-builder-column-1 fusion_builder_column_1_2 1_2 fusion-one-half fusion-column-first\" style=\"--awb-bg-size:cover;width:50%;width:calc(50% - ( ( 4% ) * 0.5 ) );margin-right: 4%;\"><div class=\"fusion-column-wrapper fusion-flex-column-wrapper-legacy\"><div class=\"fusion-column-content-centered\"><div class=\"fusion-column-content\"><div class=\"fusion-sep-clear\"><\/div><div class=\"fusion-separator fusion-full-width-sep\" style=\"margin-left: auto;margin-right: auto;margin-top:50px;width:100%;\"><\/div><div class=\"fusion-sep-clear\"><\/div><div class=\"fusion-image-element in-legacy-container\" style=\"--awb-caption-title-font-family:var(--h2_typography-font-family);--awb-caption-title-font-weight:var(--h2_typography-font-weight);--awb-caption-title-font-style:var(--h2_typography-font-style);--awb-caption-title-size:var(--h2_typography-font-size);--awb-caption-title-transform:var(--h2_typography-text-transform);--awb-caption-title-line-height:var(--h2_typography-line-height);--awb-caption-title-letter-spacing:var(--h2_typography-letter-spacing);\"><span class=\" fusion-imageframe imageframe-none imageframe-1 hover-type-none\" style=\"border:1px solid #000000;\"><img decoding=\"async\" width=\"1000\" height=\"667\" title=\"shutterstock_77475913\" src=\"https:\/\/bodylicious.si\/wp-content\/uploads\/2017\/01\/shutterstock_77475913.jpg\" alt class=\"img-responsive wp-image-39\" srcset=\"https:\/\/bodylicious.si\/wp-content\/uploads\/2017\/01\/shutterstock_77475913-200x133.jpg 200w, https:\/\/bodylicious.si\/wp-content\/uploads\/2017\/01\/shutterstock_77475913-400x267.jpg 400w, https:\/\/bodylicious.si\/wp-content\/uploads\/2017\/01\/shutterstock_77475913-600x400.jpg 600w, https:\/\/bodylicious.si\/wp-content\/uploads\/2017\/01\/shutterstock_77475913-800x534.jpg 800w, https:\/\/bodylicious.si\/wp-content\/uploads\/2017\/01\/shutterstock_77475913.jpg 1000w\" sizes=\"(max-width: 800px) 100vw, 600px\" \/><\/span><\/div><\/div><\/div><div class=\"fusion-clearfix\"><\/div><\/div><\/div><div class=\"fusion-layout-column fusion_builder_column fusion-builder-column-2 fusion_builder_column_1_2 1_2 fusion-one-half fusion-column-last\" style=\"--awb-bg-size:cover;width:50%;width:calc(50% - ( ( 4% ) * 0.5 ) );\"><div class=\"fusion-column-wrapper fusion-flex-column-wrapper-legacy\"><div class=\"fusion-column-content-centered\"><div class=\"fusion-column-content\"><div class=\"fusion-sep-clear\"><\/div><div class=\"fusion-separator fusion-full-width-sep\" style=\"margin-left: auto;margin-right: auto;margin-top:20px;width:100%;\"><\/div><div class=\"fusion-sep-clear\"><\/div><div class=\"fusion-text fusion-text-1\"><h3>Globinsko \u010di\u0161\u010denje se izvaja na vnaprej segreti ko\u017ei in sicer ro\u010dno, mehansko (t.i. Ultrasonic) ali s kombinacijo obeh.<\/h3>\n<h3><strong><em>Ultrasonic<\/em> je mehansko globinsko \u010di\u0161\u010denje obraza.<\/strong> Primerno je za vse, ki te\u017eko prena\u0161ate bole\u010dino ro\u010dnega globinskega \u010di\u0161\u010denja (stiskanje ne\u010disto\u010d iz por), <strong>saj je Ultrasonic nebole\u010d postopek<\/strong>, primeren tako za tiste s problemati\u010dno ko\u017eo, kot tudi vse, ki \u017eelite zdrav videz zgolj vzdr\u017eevati.<\/h3>\n<h3><strong>Med postopkom po obrazu drsimo s ploskvijo, ki vibrira s hitrostjo 28.000 vibracij na sekundo, s \u010dimer se ne\u010disto\u010de izlo\u010dajo brez povzro\u010danja rde\u010dic in vnetnih stanj.<\/strong> Med tretmajem se prav tako odstrani povrhnjica, loj in odmrle celice, kar spodbudi regeneracijo ko\u017ee in pospe\u0161i nastajanje kolagena in elastina.<\/h3>\n<h3><strong>Globinsko \u010di\u0161\u010denje z Ultrasonicom se priporo\u010da tedensko vsaj en mesec<\/strong>, za vzdr\u017eevanje zdravega videza pa nato enkrat mese\u010dno.<\/h3>\n<h3>Za u\u010dinkovitej\u0161o terapijo priporo\u010damo dodatno uporabo t.i. <strong>toplo-hladne funkcije<\/strong>, saj s prijetno masa\u017eo sprosti mi\u0161ice in ko\u017eo. S toplim delom sonde ko\u017eo pripravimo za globinsko \u010di\u0161\u010denje in vnos aktivnih sestavin izdelkov, ki jih bomo med postopkom uporabljali. S hladnim delom sonde pa po terapiji zo\u017eimo pore in kapilare, ko\u017ea se pomiri.<\/h3>\n<\/div><\/div><\/div><div class=\"fusion-clearfix\"><\/div><\/div><\/div><\/div><\/div>\n","protected":false},"excerpt":{"rendered":"","protected":false},"author":1,"featured_media":0,"parent":0,"menu_order":0,"comment_status":"closed","ping_status":"closed","template":"","meta":{"footnotes":""},"class_list":["post-405","page","type-page","status-publish","hentry"],"_links":{"self":[{"href":"https:\/\/bodylicious.si\/index.php\/wp-json\/wp\/v2\/pages\/405","targetHints":{"allow":["GET"]}}],"collection":[{"href":"https:\/\/bodylicious.si\/index.php\/wp-json\/wp\/v2\/pages"}],"about":[{"href":"https:\/\/bodylicious.si\/index.php\/wp-json\/wp\/v2\/types\/page"}],"author":[{"embeddable":true,"href":"https:\/\/bodylicious.si\/index.php\/wp-json\/wp\/v2\/users\/1"}],"replies":[{"embeddable":true,"href":"https:\/\/bodylicious.si\/index.php\/wp-json\/wp\/v2\/comments?post=405"}],"version-history":[{"count":6,"href":"https:\/\/bodylicious.si\/index.php\/wp-json\/wp\/v2\/pages\/405\/revisions"}],"predecessor-version":[{"id":633,"href":"https:\/\/bodylicious.si\/index.php\/wp-json\/wp\/v2\/pages\/405\/revisions\/633"}],"wp:attachment":[{"href":"https:\/\/bodylicious.si\/index.php\/wp-json\/wp\/v2\/media?parent=405"}],"curies":[{"name":"wp","href":"https:\/\/api.w.org\/{rel}","templated":true}]}}