{"id":409,"date":"2017-04-28T19:22:15","date_gmt":"2017-04-28T19:22:15","guid":{"rendered":"http:\/\/bodylicious.si\/?page_id=409"},"modified":"2017-07-23T11:46:17","modified_gmt":"2017-07-23T11:46:17","slug":"ultrazvok","status":"publish","type":"page","link":"https:\/\/bodylicious.si\/index.php\/ultrazvok\/","title":{"rendered":"Ultrazvok"},"content":{"rendered":"<div class=\"fusion-fullwidth fullwidth-box fusion-builder-row-1 hundred-percent-fullwidth non-hundred-percent-height-scrolling\" style=\"--awb-border-radius-top-left:0px;--awb-border-radius-top-right:0px;--awb-border-radius-bottom-right:0px;--awb-border-radius-bottom-left:0px;--awb-flex-wrap:wrap;\" ><div class=\"fusion-builder-row fusion-row\"><div class=\"fusion-layout-column fusion_builder_column fusion-builder-column-0 fusion_builder_column_1_1 1_1 fusion-one-full fusion-column-first fusion-column-last\" style=\"--awb-bg-size:cover;\"><div class=\"fusion-column-wrapper fusion-flex-column-wrapper-legacy\"><div class=\"fusion-title title fusion-title-1 fusion-title-text fusion-title-size-one\"><h1 class=\"fusion-title-heading title-heading-left\" style=\"margin:0;\"><h2>Hitra in nebole\u010da pomladitev obraza<\/h2><\/h1><span class=\"awb-title-spacer\"><\/span><div class=\"title-sep-container\"><div class=\"title-sep sep-double sep-solid\" style=\"border-color:#e0dede;\"><\/div><\/div><\/div><div class=\"fusion-clearfix\"><\/div><\/div><\/div><div class=\"fusion-layout-column fusion_builder_column fusion-builder-column-1 fusion_builder_column_1_2 1_2 fusion-one-half fusion-column-first\" style=\"--awb-bg-size:cover;width:50%;width:calc(50% - ( ( 4% ) * 0.5 ) );margin-right: 4%;\"><div class=\"fusion-column-wrapper fusion-flex-column-wrapper-legacy\"><div class=\"fusion-column-content-centered\"><div class=\"fusion-column-content\"><div class=\"fusion-sep-clear\"><\/div><div class=\"fusion-separator fusion-full-width-sep\" style=\"margin-left: auto;margin-right: auto;margin-top:50px;width:100%;\"><\/div><div class=\"fusion-sep-clear\"><\/div><div class=\"fusion-image-element in-legacy-container\" style=\"--awb-caption-title-font-family:var(--h2_typography-font-family);--awb-caption-title-font-weight:var(--h2_typography-font-weight);--awb-caption-title-font-style:var(--h2_typography-font-style);--awb-caption-title-size:var(--h2_typography-font-size);--awb-caption-title-transform:var(--h2_typography-text-transform);--awb-caption-title-line-height:var(--h2_typography-line-height);--awb-caption-title-letter-spacing:var(--h2_typography-letter-spacing);\"><span class=\" fusion-imageframe imageframe-none imageframe-1 hover-type-none\" style=\"border:1px solid #000000;\"><img decoding=\"async\" width=\"930\" height=\"400\" title=\"ultrazvok_obraz_lrg\" src=\"https:\/\/bodylicious.si\/wp-content\/uploads\/2017\/04\/ultrazvok_obraz_lrg.jpg\" alt class=\"img-responsive wp-image-400\" srcset=\"https:\/\/bodylicious.si\/wp-content\/uploads\/2017\/04\/ultrazvok_obraz_lrg-200x86.jpg 200w, https:\/\/bodylicious.si\/wp-content\/uploads\/2017\/04\/ultrazvok_obraz_lrg-400x172.jpg 400w, https:\/\/bodylicious.si\/wp-content\/uploads\/2017\/04\/ultrazvok_obraz_lrg-600x258.jpg 600w, https:\/\/bodylicious.si\/wp-content\/uploads\/2017\/04\/ultrazvok_obraz_lrg-800x344.jpg 800w, https:\/\/bodylicious.si\/wp-content\/uploads\/2017\/04\/ultrazvok_obraz_lrg.jpg 930w\" sizes=\"(max-width: 800px) 100vw, 600px\" \/><\/span><\/div><\/div><\/div><div class=\"fusion-clearfix\"><\/div><\/div><\/div><div class=\"fusion-layout-column fusion_builder_column fusion-builder-column-2 fusion_builder_column_1_2 1_2 fusion-one-half fusion-column-last\" style=\"--awb-bg-size:cover;width:50%;width:calc(50% - ( ( 4% ) * 0.5 ) );\"><div class=\"fusion-column-wrapper fusion-flex-column-wrapper-legacy\"><div class=\"fusion-column-content-centered\"><div class=\"fusion-column-content\"><div class=\"fusion-sep-clear\"><\/div><div class=\"fusion-separator fusion-full-width-sep\" style=\"margin-left: auto;margin-right: auto;margin-top:20px;width:100%;\"><\/div><div class=\"fusion-sep-clear\"><\/div><div class=\"fusion-text fusion-text-1\"><h3>Ultrazvok v kozmetiki uporabljamo za pomlajevanje ko\u017ee, izbolj\u0161an vnos izdelkov, razbijanje celulita (kavitacija) in terapevtsko uporabo (okrevanje). Pri <strong>ultrazvoku za nego obraza uporabljamo 3 MHz<\/strong> ultrazvok, saj je idealen za pomlajevanje zgornjih slojev dermisa in vnos aktivnih sestavin, ki so v gelih in kremah.<\/h3>\n<h3><strong>3 MHz ultrazvok<\/strong> mo\u010dno olaj\u0161a vnos preparatov in s tem omogo\u010da intenzivnej\u0161e vla\u017eenje in hranjenje ko\u017ee. S pomo\u010djo ultrazvoka se pove\u010da vpojnost aktivnih sestavin tudi v po\u0161kodovano in starej\u0161o ko\u017eo.<\/h3>\n<h3><strong>U\u010dinkovito vpliva na odstranjevanje drobnih gub, pomaga pri razbarvani ko\u017ei, ugodno vpliva na topljenje hipodermi\u010dne ma\u0161\u010dobe in spodbuja izlo\u010danje odve\u010dne vode, s tem pa izbolj\u0161uje videz podo\u010dnjakov.<\/strong> Obenem ne\u017ena, modra svetloba na ultrazvo\u010dni ro\u010dki, s pomo\u010djo kromoterapije, pomirja in zavira vnetna stanja na povrhnjici.<\/h3>\n<h3>Za optimalne pomlajevalne rezultate, tretma z ultrazvokom priporo\u010damo v kombinaciji z biostimulacijo in mikrotokovi. Vam osebno prilagojen program bomo izdelali po predhodnem posvetu in pregledu va\u0161e ko\u017ee.<\/h3>\n<\/div><\/div><\/div><div class=\"fusion-clearfix\"><\/div><\/div><\/div><\/div><\/div>\n","protected":false},"excerpt":{"rendered":"","protected":false},"author":1,"featured_media":0,"parent":0,"menu_order":0,"comment_status":"closed","ping_status":"closed","template":"","meta":{"footnotes":""},"class_list":["post-409","page","type-page","status-publish","hentry"],"_links":{"self":[{"href":"https:\/\/bodylicious.si\/index.php\/wp-json\/wp\/v2\/pages\/409","targetHints":{"allow":["GET"]}}],"collection":[{"href":"https:\/\/bodylicious.si\/index.php\/wp-json\/wp\/v2\/pages"}],"about":[{"href":"https:\/\/bodylicious.si\/index.php\/wp-json\/wp\/v2\/types\/page"}],"author":[{"embeddable":true,"href":"https:\/\/bodylicious.si\/index.php\/wp-json\/wp\/v2\/users\/1"}],"replies":[{"embeddable":true,"href":"https:\/\/bodylicious.si\/index.php\/wp-json\/wp\/v2\/comments?post=409"}],"version-history":[{"count":5,"href":"https:\/\/bodylicious.si\/index.php\/wp-json\/wp\/v2\/pages\/409\/revisions"}],"predecessor-version":[{"id":638,"href":"https:\/\/bodylicious.si\/index.php\/wp-json\/wp\/v2\/pages\/409\/revisions\/638"}],"wp:attachment":[{"href":"https:\/\/bodylicious.si\/index.php\/wp-json\/wp\/v2\/media?parent=409"}],"curies":[{"name":"wp","href":"https:\/\/api.w.org\/{rel}","templated":true}]}}