{"id":642,"date":"2017-07-23T12:06:32","date_gmt":"2017-07-23T12:06:32","guid":{"rendered":"http:\/\/bodylicious.si\/?page_id=642"},"modified":"2017-07-23T12:08:47","modified_gmt":"2017-07-23T12:08:47","slug":"depilacija","status":"publish","type":"page","link":"https:\/\/bodylicious.si\/index.php\/depilacija\/","title":{"rendered":"Depilacija"},"content":{"rendered":"<div class=\"fusion-fullwidth fullwidth-box fusion-builder-row-1 hundred-percent-fullwidth non-hundred-percent-height-scrolling\" style=\"--awb-border-radius-top-left:0px;--awb-border-radius-top-right:0px;--awb-border-radius-bottom-right:0px;--awb-border-radius-bottom-left:0px;--awb-flex-wrap:wrap;\" ><div class=\"fusion-builder-row fusion-row\"><div class=\"fusion-layout-column fusion_builder_column fusion-builder-column-0 fusion_builder_column_1_1 1_1 fusion-one-full fusion-column-first fusion-column-last\" style=\"--awb-bg-size:cover;\"><div class=\"fusion-column-wrapper fusion-flex-column-wrapper-legacy\"><div class=\"fusion-title title fusion-title-1 fusion-title-text fusion-title-size-one\"><h1 class=\"fusion-title-heading title-heading-left\" style=\"margin:0;\"><h2>Enostavna pot do svilnate ko\u017ee<\/h2><\/h1><span class=\"awb-title-spacer\"><\/span><div class=\"title-sep-container\"><div class=\"title-sep sep-double sep-solid\" style=\"border-color:#e0dede;\"><\/div><\/div><\/div><div class=\"fusion-clearfix\"><\/div><\/div><\/div><div class=\"fusion-layout-column fusion_builder_column fusion-builder-column-1 fusion_builder_column_1_2 1_2 fusion-one-half fusion-column-first\" style=\"--awb-bg-size:cover;width:50%;width:calc(50% - ( ( 4% ) * 0.5 ) );margin-right: 4%;\"><div class=\"fusion-column-wrapper fusion-flex-column-wrapper-legacy\"><div class=\"fusion-column-content-centered\"><div class=\"fusion-column-content\"><div class=\"fusion-sep-clear\"><\/div><div class=\"fusion-separator fusion-full-width-sep\" style=\"margin-left: auto;margin-right: auto;margin-top:50px;width:100%;\"><\/div><div class=\"fusion-sep-clear\"><\/div><div class=\"fusion-image-element in-legacy-container\" style=\"--awb-caption-title-font-family:var(--h2_typography-font-family);--awb-caption-title-font-weight:var(--h2_typography-font-weight);--awb-caption-title-font-style:var(--h2_typography-font-style);--awb-caption-title-size:var(--h2_typography-font-size);--awb-caption-title-transform:var(--h2_typography-text-transform);--awb-caption-title-line-height:var(--h2_typography-line-height);--awb-caption-title-letter-spacing:var(--h2_typography-letter-spacing);\"><span class=\" fusion-imageframe imageframe-none imageframe-1 hover-type-none\" style=\"border:1px solid #000000;\"><img decoding=\"async\" width=\"960\" height=\"535\" title=\"depilacija_slider2\" src=\"https:\/\/bodylicious.si\/wp-content\/uploads\/2017\/07\/depilacija_slider2.jpg\" alt class=\"img-responsive wp-image-613\" srcset=\"https:\/\/bodylicious.si\/wp-content\/uploads\/2017\/07\/depilacija_slider2-200x111.jpg 200w, https:\/\/bodylicious.si\/wp-content\/uploads\/2017\/07\/depilacija_slider2-400x223.jpg 400w, https:\/\/bodylicious.si\/wp-content\/uploads\/2017\/07\/depilacija_slider2-600x334.jpg 600w, https:\/\/bodylicious.si\/wp-content\/uploads\/2017\/07\/depilacija_slider2-800x446.jpg 800w, https:\/\/bodylicious.si\/wp-content\/uploads\/2017\/07\/depilacija_slider2.jpg 960w\" sizes=\"(max-width: 800px) 100vw, 600px\" \/><\/span><\/div><\/div><\/div><div class=\"fusion-clearfix\"><\/div><\/div><\/div><div class=\"fusion-layout-column fusion_builder_column fusion-builder-column-2 fusion_builder_column_1_2 1_2 fusion-one-half fusion-column-last\" style=\"--awb-bg-size:cover;width:50%;width:calc(50% - ( ( 4% ) * 0.5 ) );\"><div class=\"fusion-column-wrapper fusion-flex-column-wrapper-legacy\"><div class=\"fusion-column-content-centered\"><div class=\"fusion-column-content\"><div class=\"fusion-sep-clear\"><\/div><div class=\"fusion-separator fusion-full-width-sep\" style=\"margin-left: auto;margin-right: auto;margin-top:20px;width:100%;\"><\/div><div class=\"fusion-sep-clear\"><\/div><div class=\"fusion-text fusion-text-1\"><h3><strong>Depilacija je postala pomemben del tako lepotnega izpopolnjevanja, kot tudi osebne higiene.<\/strong>\u00a0Po njej redno posegajo ne le \u017eenske, temve\u010d vedno pogosteje tudi mo\u0161ki.<\/h3>\n<h3>U\u010dinki profesionalno opravljene depilacije trajajo na\u010deloma okoli\u00a0<strong>3 do 4 tedne.<\/strong><\/h3>\n<h3><strong>Pri nas depilacijo opravljamo z vrhunskimi voski francoske znamke Perron Rigot<\/strong>. Formulacija voskov Perron Rigot je prilagojena najbolj ob\u010dutljivim tipom ko\u017ee in ko\u017ei s kapilarami, zato omogo\u010da manj bole\u010do depilacijo, ob\u010dutno manj dra\u017eenja ko\u017ee, obenem pa upo\u010dasni in zmanj\u0161a rast dlak. Znamka Perron Rigot si je s 45 let izku\u0161enj v Franciji izborila prvo mesto na podro\u010dju depiliranja s profesionalnimi voski.<\/h3>\n<h3><strong>Nudimo vse vrste depilacij za mo\u0161ke in \u017eenske.<\/strong><\/h3>\n<\/div><\/div><\/div><div class=\"fusion-clearfix\"><\/div><\/div><\/div><\/div><\/div>\n","protected":false},"excerpt":{"rendered":"","protected":false},"author":1,"featured_media":0,"parent":0,"menu_order":0,"comment_status":"closed","ping_status":"closed","template":"","meta":{"footnotes":""},"class_list":["post-642","page","type-page","status-publish","hentry"],"_links":{"self":[{"href":"https:\/\/bodylicious.si\/index.php\/wp-json\/wp\/v2\/pages\/642","targetHints":{"allow":["GET"]}}],"collection":[{"href":"https:\/\/bodylicious.si\/index.php\/wp-json\/wp\/v2\/pages"}],"about":[{"href":"https:\/\/bodylicious.si\/index.php\/wp-json\/wp\/v2\/types\/page"}],"author":[{"embeddable":true,"href":"https:\/\/bodylicious.si\/index.php\/wp-json\/wp\/v2\/users\/1"}],"replies":[{"embeddable":true,"href":"https:\/\/bodylicious.si\/index.php\/wp-json\/wp\/v2\/comments?post=642"}],"version-history":[{"count":2,"href":"https:\/\/bodylicious.si\/index.php\/wp-json\/wp\/v2\/pages\/642\/revisions"}],"predecessor-version":[{"id":644,"href":"https:\/\/bodylicious.si\/index.php\/wp-json\/wp\/v2\/pages\/642\/revisions\/644"}],"wp:attachment":[{"href":"https:\/\/bodylicious.si\/index.php\/wp-json\/wp\/v2\/media?parent=642"}],"curies":[{"name":"wp","href":"https:\/\/api.w.org\/{rel}","templated":true}]}}