{"id":792,"date":"2018-05-26T07:11:35","date_gmt":"2018-05-26T07:11:35","guid":{"rendered":"http:\/\/bodylicious.si\/?page_id=792"},"modified":"2018-05-26T07:22:23","modified_gmt":"2018-05-26T07:22:23","slug":"piskotki","status":"publish","type":"page","link":"https:\/\/bodylicious.si\/index.php\/piskotki\/","title":{"rendered":"Pi\u0161kotki"},"content":{"rendered":"<div class=\"fusion-fullwidth fullwidth-box fusion-builder-row-1 nonhundred-percent-fullwidth non-hundred-percent-height-scrolling\" style=\"--awb-border-radius-top-left:0px;--awb-border-radius-top-right:0px;--awb-border-radius-bottom-right:0px;--awb-border-radius-bottom-left:0px;--awb-flex-wrap:wrap;\" ><div class=\"fusion-builder-row fusion-row\"><div class=\"fusion-layout-column fusion_builder_column fusion-builder-column-0 fusion_builder_column_1_1 1_1 fusion-one-full fusion-column-first fusion-column-last\" style=\"--awb-bg-size:cover;\"><div class=\"fusion-column-wrapper fusion-flex-column-wrapper-legacy\"><div class=\"fusion-text fusion-text-1\"><p><b>UPORABA PI\u0160KOTKOV<\/b><\/p>\n<p>Spletna stran www.bodylicious.si (<i>e-po\u0161tna sporo\u010dila, spletne storitve, ogla\u0161evanje in interaktivne aplikacije za optimizacijo storitev itd.<\/i>) uporablja pi\u0161kotke.<\/p>\n<p>S pi\u0161kotki vas osebno ne identificiramo. Uporabljamo jih samo za bolj\u0161e delovanje spleti\u0161\u010da.<\/p>\n<p>Z uporabo tega spletnega mesta se strinjate, da spletno mesto www.bodylicious.si nastavi pi\u0161kotke na va\u0161i napravi.<\/p>\n<p><strong>KAJ SO PI\u0160KOTKI?<\/strong><\/p>\n<p>Pi\u0161kotki so manj\u0161e besedilne datoteke, obi\u010dajno iz \u010drk in \u0161tevilk, katere obiskano spletno mesto shrani v napravo (ra\u010dunalnik, mobilnik, tablica itd.) z namenom prepoznavanja teh naprav. Shranjevanje pi\u0161kotkov je pod nadzorom brskalnika \u2013 glejte spodaj: nadzor nad pi\u0161kotki.<\/p>\n<p><strong>ZAKAJ NA\u0160A SPLETNA STRAN POTREBUJE PI\u0160KOTKE?<\/strong><\/p>\n<p>Glavni namen pi\u0161kotka je, da (<i>na\u0161emu<\/i>) spletnemu stre\u017eniku omogo\u010di, da uporabniku predstavi prilagojene spletne strani, ki omogo\u010dajo, da je do\u017eivetje ob obisku (<i>na\u0161e<\/i>) spletne strani bolj osebno in da se bolje odziva na posamezne uporabnikove potrebe. Interakcija med uporabnikom in spletnim mestom je s pomo\u010djo pi\u0161kotkov hitrej\u0161a in enostavnej\u0161a. Z njihovo pomo\u010djo si spletna stran zapomni posameznikove preference in izku\u0161nje, s tem je uporabniku ob ponovnem obisku prihranjen \u010das, brskanje po spletnih straneh pa je tako bolj u\u010dinkovito in prijetno.<\/p>\n<p><strong>ZAKAJ NA\u0160A SPLETNA STRAN UPORABLJA PI\u0160KOTKE?<\/strong><\/p>\n<p>Pi\u0161kotki so pomembno sredstvo za ohranjanje sve\u017ee in primerne vsebine, ki je v skladu z interesi in preferencami posameznega spletnega uporabnika. Razlogi za uporabo pi\u0161kotkov izhajajo iz njihovih lastnosti, ena izmed njih je shranjevanja podatkov o stanju posamezne spletne strani), pi\u0161kotki pomagajo pri izvajanju raznih spletnih storitev (spletne trgovine), pomagajo pri zbiranju raznih statistik, saj se le z njimi lahko spremlja pogostost obiskovanja dolo\u010dene spletne strani. S pomo\u010djo pi\u0161kotkov lahko upravljavec spletne strani oceni u\u010dinkovitost zasnove svoje spletne strani, kot tudi ustreznost vrste in \u0161tevila oglasov, ki jih ponujajo tretji uporabnikom na njegovi spletni strani.<\/p>\n<p><strong>KATERE PI\u0160KOTKE NA\u0160A STRAN UPORABLJA?<\/strong><\/p>\n<table style=\"height: 238px;\" width=\"961\" cellspacing=\"0\" cellpadding=\"7\">\n<colgroup>\n<col width=\"144\" \/>\n<col width=\"145\" \/>\n<col width=\"144\" \/>\n<col width=\"129\" \/><\/colgroup>\n<tbody>\n<tr valign=\"TOP\">\n<td width=\"144\">Ime pi\u0161kotka<\/td>\n<td width=\"145\">Namen uporabe<\/td>\n<td width=\"144\">\u010cas trajanja<\/td>\n<td width=\"129\">Podjetje<\/td>\n<\/tr>\n<tr valign=\"TOP\">\n<td width=\"144\">wordpress_test_cookie<\/p>\n<p>viewed_cookie_policy<\/p>\n<p>wp-settings-1<\/p>\n<p>wp-settings-time-1<\/p>\n<p>_utma<\/td>\n<td width=\"145\">Uporabni\u0161ka izku\u0161nja<\/p>\n<p>Sprejem pi\u0161kotkov v naprej<\/p>\n<p>Ohranjanje nastavitev<\/p>\n<p>\u010casovna nastavitev<\/p>\n<p>Statistika ogledov spletne strani<\/td>\n<td width=\"144\">do izklopa brskalnika<\/p>\n<p>1 dan<\/p>\n<p>1 dan<\/p>\n<p>1 dan<\/p>\n<p>2 leti<\/td>\n<td width=\"129\">WordPress<\/p>\n<p>WordPress<\/p>\n<p>WordPress<\/p>\n<p>WordPress<\/p>\n<p>Google Analytics<\/td>\n<\/tr>\n<\/tbody>\n<\/table>\n<p><strong>NADZOR NAD PI\u0160KOTKI ali KAKO LAHKO O(NE)MOGO\u010cITE PI\u0160KOTKE?<\/strong><\/p>\n<p>\u010ce \u017eelite spremeniti na\u010din uporabe pi\u0161kotkov v brskalniku, vklju\u010dno z blokiranjem ali izbrisom, lahko to storite z ustrezno spremembo nastavitev brskalnika. Podrobnej\u0161a navodila so predstavljena v nadaljevanju.<\/p>\n<p><strong>Google Chrome<\/strong><\/p>\n<p>1. Kliknite \u00bbOrodja\u00ab na vrhu va\u0161ega brskalnika in izberite \u00bbNastavitve\u00ab.<\/p>\n<p>2. Kliknite \u00bbPrika\u017ei dodatne nastavitve\u00ab, se pomaknite do razdelka \u00bbZasebnost\u00ab in kliknite gumb \u00bbNastavitve vsebine\u00ab.<\/p>\n<p>3. Izberite \u00bbDovoli nastavljanje lokalnih podatkov\u00ab.<\/p>\n<p><strong>Microsoft Internet Explorer 6.0 in novej\u0161i<\/strong><\/p>\n<p>1. Kliknite \u00bbOrodja\u00ab na vrhu va\u0161ega brskalnika in izberite \u00bbInternetne mo\u017enosti\u00ab, nato kliknite zavihek \u00bbZasebnost\u00ab.<\/p>\n<p>2. Preverite, da je raven va\u0161e zasebnosti nastavljena na srednjo ali manj, kar bo omogo\u010dilo uporabo pi\u0161kotkov v va\u0161em brskalniku.<\/p>\n<p>3. Nastavitev nad srednjo ravnijo bo onemogo\u010dila uporabo pi\u0161kotkov.<\/p>\n<p><strong>Mozilla Firefox<\/strong><\/p>\n<p>1. Kliknite \u00bbOrodja\u00ab na vrhu va\u0161ega brskalnika in izberite \u00bbMo\u017enosti\u00ab. &gt;<\/p>\n<p>2. Nato izberite ikono \u00bbZasebnost\u00ab. &gt;<\/p>\n<p>3. Kliknite \u00bbPi\u0161kotki\u00ab in izberite mo\u017enost \u00bbDovoli stranem, da ustvarijo pi\u0161kote\u00ab.<\/p>\n<p><strong>Safari<\/strong><\/p>\n<p>1. Kliknite ikono zobnika na vrhu va\u0161ega brskalnika in izberite mo\u017enost \u00bbNastavitve\u00ab.<\/p>\n<p>2. Kliknite \u00bbZasebnost\u00ab, nato ozna\u010dite mo\u017enost \u00bbOnemogo\u010di uporabo pi\u0161kotkov tretjih oseb in ogla\u0161evalnih pi\u0161kotkov\u00ab.<\/p>\n<p>3. Kliknite \u00bbShrani\u00ab.<\/p>\n<p>Kako upravljati pi\u0161kotke na ra\u010dunalniku Mac<\/p>\n<p>\u010ce \u017eelite omogo\u010diti pi\u0161kotke na\u0161e spletne strani, sledite spodnjim korakom.<\/p>\n<p>Microsoft Internet Explorer 5.0 on OSX<\/p>\n<p>1. Kliknite \u00bbExplorer\u00ab na vrhu va\u0161ega brskalnika in izberite mo\u017enost \u00bbNastavitve\u00ab.<\/p>\n<p>2. Pomaknite se navzdol do \u00bbPi\u0161kotki\u00ab v razdelku \u00bbPrejete datoteke\u00ab.<\/p>\n<p>3. Izberite mo\u017enost \u00bbNikoli ne vpra\u0161aj\u00ab.<\/p>\n<p><strong>Safari on OSX<\/strong><\/p>\n<p>1. Kliknite \u00bbSafari\u00ab na vrhu va\u0161ega brskalnika in izberite mo\u017enost \u00bbNastavitve\u00ab.<\/p>\n<p>2. Kliknite \u00bbZasebnost\u00ab in nato \u00bbOmogo\u010di uporabo pi\u0161kotkov\u00ab.<\/p>\n<p>3. Izberite \u00bbSamo na obiskanih straneh\u00ab.<\/p>\n<p>Mozilla and Netscape on OSX<\/p>\n<p>1. Kliknite \u00bbMozilla\u00ab ali \u00bbNetscape\u00ab na vrhu va\u0161ega brskalnika in izberite mo\u017enost \u00bbNastavitve\u00ab.<\/p>\n<p>2. Pomaknite se navzdol do \u00bbPi\u0161kotki\u00ab v razdelku \u00bbZasebnost in varnost\u00ab.<\/p>\n<p>3. Izberite \u00bbDovoli pi\u0161kotke samo za izvorno spletno stran\u00ab.<\/p>\n<p><strong>Opera<\/strong><\/p>\n<p>1. Kliknite \u00bbMeni\u00ab na vrhu va\u0161ega brskalnika in izberite \u00bbNastavitve\u00ab.<\/p>\n<p>2. Nato izberite \u00bbMo\u017enosti\u00ab in zavihek \u00bbNapredno\u00ab.<\/p>\n<p>3. Izberite mo\u017enost \u00bbOmogo\u010di uporabo pi\u0161kotkov\u00ab.<\/p>\n<p><strong>PREBERITE SI VE\u010c O PI\u0160KOTKIH<\/strong><\/p>\n<p>\u010ce \u017eelite vedeti ve\u010d o pi\u0161kotkih, obi\u0161\u010dite katero od naslednjih strani:<\/p>\n<ul>\n<li><a href=\"http:\/\/www.allaboutcookies.org\/\">http:\/\/www.allaboutcookies.org<\/a><\/li>\n<li><a href=\"http:\/\/www.piskotki.net\/\">www.piskotki.net<\/a><\/li>\n<\/ul>\n<p><strong>UPRAVLJAVEC<\/strong><\/p>\n<p>To spletno stran upravlja Lepotni studio Bodylicious, Karina Terbec s.p.<\/p>\n<\/div><div class=\"fusion-clearfix\"><\/div><\/div><\/div><\/div><\/div>\n","protected":false},"excerpt":{"rendered":"","protected":false},"author":1,"featured_media":0,"parent":0,"menu_order":0,"comment_status":"closed","ping_status":"closed","template":"","meta":{"footnotes":""},"class_list":["post-792","page","type-page","status-publish","hentry"],"_links":{"self":[{"href":"https:\/\/bodylicious.si\/index.php\/wp-json\/wp\/v2\/pages\/792","targetHints":{"allow":["GET"]}}],"collection":[{"href":"https:\/\/bodylicious.si\/index.php\/wp-json\/wp\/v2\/pages"}],"about":[{"href":"https:\/\/bodylicious.si\/index.php\/wp-json\/wp\/v2\/types\/page"}],"author":[{"embeddable":true,"href":"https:\/\/bodylicious.si\/index.php\/wp-json\/wp\/v2\/users\/1"}],"replies":[{"embeddable":true,"href":"https:\/\/bodylicious.si\/index.php\/wp-json\/wp\/v2\/comments?post=792"}],"version-history":[{"count":2,"href":"https:\/\/bodylicious.si\/index.php\/wp-json\/wp\/v2\/pages\/792\/revisions"}],"predecessor-version":[{"id":794,"href":"https:\/\/bodylicious.si\/index.php\/wp-json\/wp\/v2\/pages\/792\/revisions\/794"}],"wp:attachment":[{"href":"https:\/\/bodylicious.si\/index.php\/wp-json\/wp\/v2\/media?parent=792"}],"curies":[{"name":"wp","href":"https:\/\/api.w.org\/{rel}","templated":true}]}}